{"id":25886,"date":"2024-05-27T13:01:54","date_gmt":"2024-05-27T11:01:54","guid":{"rendered":"https:\/\/showcase.mesutronic.de\/?page_id=25886"},"modified":"2025-04-23T14:49:03","modified_gmt":"2025-04-23T12:49:03","slug":"home-solids-2024","status":"publish","type":"page","link":"https:\/\/showcase.mesutronic.de\/de\/","title":{"rendered":"Home SOLIDS 2024"},"content":{"rendered":"<div id='av-layout-grid-1'  class='av-layout-grid-container av-19kkg3h-72300691d4dbb49dda47f37e9407b209 entry-content-wrapper main_color av-flex-cells  avia-builder-el-0  el_before_av_section  avia-builder-el-first  av-desktop-hide av-medium-hide av-small-hide av-mini-hide container_wrap fullsize'  >\n\n<style type=\"text\/css\" data-created_by=\"avia_inline_auto\" id=\"style-css-av-2oelj1-e53a77d5460545514cc5fe69ff09d6be\">\n.flex_cell.av-2oelj1-e53a77d5460545514cc5fe69ff09d6be{\nvertical-align:top;\n}\n.responsive #top #wrap_all .flex_cell.av-2oelj1-e53a77d5460545514cc5fe69ff09d6be{\npadding:0px 0px 0px 0px !important;\n}\n<\/style>\n<div class='flex_cell av-2oelj1-e53a77d5460545514cc5fe69ff09d6be av-gridrow-cell av_one_full no_margin  avia-builder-el-1  avia-builder-el-no-sibling  av-zero-padding' ><div class='flex_cell_inner'>\n<\/div><\/div>\n<\/div>\n<div id='av_section_1'  class='avia-section av-1z2mkkl-437e7541da50209c13467ee6dfe46f20 main_color avia-section-default avia-no-border-styling  avia-builder-el-3  el_after_av_layout_row  el_before_av_section  avia-bg-style-scroll container_wrap fullsize'  ><div class='container av-section-cont-open' ><div class='template-page content  av-content-full alpha units'><div class='post-entry post-entry-type-page post-entry-25886'><div class='entry-content-wrapper clearfix'>\n<div class='flex_column av-1g22d7p-1d9aa0c906ef6b8cf822647e38022156 av_one_full  avia-builder-el-4  el_before_av_one_half  avia-builder-el-first  first flex_column_div '     ><style type=\"text\/css\" data-created_by=\"avia_inline_auto\" id=\"style-css-av-lj2pyodp-336fc012a6523dc1ec897cbe78249291\">\n#top .av-special-heading.av-lj2pyodp-336fc012a6523dc1ec897cbe78249291{\npadding-bottom:10px;\n}\nbody .av-special-heading.av-lj2pyodp-336fc012a6523dc1ec897cbe78249291 .av-special-heading-tag .heading-char{\nfont-size:25px;\n}\n.av-special-heading.av-lj2pyodp-336fc012a6523dc1ec897cbe78249291 .av-subheading{\nfont-size:15px;\n}\n<\/style>\n<div  class='av-special-heading av-lj2pyodp-336fc012a6523dc1ec897cbe78249291 av-special-heading-h2 blockquote modern-quote  avia-builder-el-5  avia-builder-el-no-sibling '><div class='av-subheading av-subheading_above'><p>Mesutronic<\/p>\n<\/div><h2 class='av-special-heading-tag'  itemprop=\"headline\"  >WILLKOMMEN BEI DEN<br \/>\nFREMDK\u00d6RPERSPEZIALISTEN<\/h2><div class=\"special-heading-border\"><div class=\"special-heading-inner-border\"><\/div><\/div><\/div><\/div>\n<style type=\"text\/css\" data-created_by=\"avia_inline_auto\" id=\"style-css-av-186jqxx-a77e1595d2d619423c4bb4f9b40185d6\">\n.avia_transform .flex_column.av-186jqxx-a77e1595d2d619423c4bb4f9b40185d6{\n-webkit-animation-duration:4s;\n-moz-animation-duration:4s;\nanimation-duration:4s;\n}\n<\/style>\n<div class='flex_column av-186jqxx-a77e1595d2d619423c4bb4f9b40185d6 av_one_half  avia-builder-el-6  el_after_av_one_full  el_before_av_one_half  first flex_column_div av-animated-generic fade-in-left column-top-margin'     ><p><section  class='av_textblock_section av-lkjhks5l-c6449749d6bb384cd5a0c46292731579'  itemscope=\"itemscope\" itemtype=\"https:\/\/schema.org\/CreativeWork\" ><div class='avia_textblock'  itemprop=\"text\" ><p><strong>DETECTING WHAT MATTERS<\/strong><\/p>\n<\/div><\/section><br \/>\n<section  class='av_textblock_section av-lj2q0c0p-72b9b5ec765efa08d5b3eec2b7310248'  itemscope=\"itemscope\" itemtype=\"https:\/\/schema.org\/CreativeWork\" ><div class='avia_textblock'  itemprop=\"text\" ><div class=\"ewa-rteLine\">Sie ben\u00f6tigen Fremdk\u00f6rperdetektion f\u00fcr Ihre Produktionsanlagen und legen Wert auf Qualit\u00e4t &#8222;Made in Germany&#8220;?<br \/>\nDann sind Sie bei uns richtig!<\/div>\n<div class=\"ewa-rteLine\">Wir sind Ihr erfahrener, l\u00f6sungsorientierter und loyaler Partner wenn es darum geht, ein H\u00f6chstma\u00df an Sicherheit zu liefern.<\/div>\n<\/div><\/section><\/p><\/div>\n<style type=\"text\/css\" data-created_by=\"avia_inline_auto\" id=\"style-css-av-mzp1j9-3e334db1fa8b74d117e0c42d245137ac\">\n.avia_transform .flex_column.av-mzp1j9-3e334db1fa8b74d117e0c42d245137ac{\n-webkit-animation-duration:4s;\n-moz-animation-duration:4s;\nanimation-duration:4s;\n}\n<\/style>\n<div class='flex_column av-mzp1j9-3e334db1fa8b74d117e0c42d245137ac av_one_half  avia-builder-el-9  el_after_av_one_half  avia-builder-el-last  flex_column_div av-animated-generic fade-in-right column-top-margin'     ><p><section  class='av_textblock_section av-lkjhmmc1-c88ed81253ab65d66794a2c35de65f95'  itemscope=\"itemscope\" itemtype=\"https:\/\/schema.org\/CreativeWork\" ><div class='avia_textblock'  itemprop=\"text\" ><p><strong>\u00a0<\/strong><\/p>\n<\/div><\/section><br \/>\n<section  class='av_textblock_section av-lj2q0jry-8219d15f58c47a7bdc9b302e9c04b1cb'  itemscope=\"itemscope\" itemtype=\"https:\/\/schema.org\/CreativeWork\" ><div class='avia_textblock'  itemprop=\"text\" ><p>Dies bedeutet Anlagen- und Produktschutz durch Funktionalit\u00e4t, Flexibilit\u00e4t und Einfallsreichtum. Dieses Versprechen erf\u00fcllen wir, da in unserem Haus von der Entwicklung \u00fcber Konstruktion und Montage bis hin zu Service und Wartung alle Abl\u00e4ufe konsequent auf Ihre individuellen Branchen- und Kundenbed\u00fcrfnisse ausgerichtet sind.<\/p>\n<\/div><\/section><\/p><\/div>\n\n<\/div><\/div><\/div><!-- close content main div --><\/div><\/div><div id='branchen'  class='avia-section av-lj2q9p0p-74032e437959c3d4f4440975d31799ac main_color avia-section-default avia-no-border-styling  avia-builder-el-12  el_after_av_section  el_before_av_section  curved avia-bg-style-scroll container_wrap fullsize'  ><div class='container av-section-cont-open' ><div class='template-page content  av-content-full alpha units'><div class='post-entry post-entry-type-page post-entry-25886'><div class='entry-content-wrapper clearfix'>\n<div class='flex_column av-1jtxhgl-948826242498756b54b2078b0d615fb5 av_one_full  avia-builder-el-13  el_before_av_one_full  avia-builder-el-first  first flex_column_div '     ><style type=\"text\/css\" data-created_by=\"avia_inline_auto\" id=\"style-css-av-lj2qemmq-c2858288a09e79182dd51a43044bd74a\">\n#top .av-special-heading.av-lj2qemmq-c2858288a09e79182dd51a43044bd74a{\npadding-bottom:10px;\n}\nbody .av-special-heading.av-lj2qemmq-c2858288a09e79182dd51a43044bd74a .av-special-heading-tag .heading-char{\nfont-size:25px;\n}\n.av-special-heading.av-lj2qemmq-c2858288a09e79182dd51a43044bd74a .av-subheading{\nfont-size:15px;\n}\n<\/style>\n<div  class='av-special-heading av-lj2qemmq-c2858288a09e79182dd51a43044bd74a av-special-heading-h3 blockquote modern-quote  avia-builder-el-14  avia-builder-el-no-sibling '><div class='av-subheading av-subheading_above'><p>Produkt\u00fcbersicht<\/p>\n<\/div><h3 class='av-special-heading-tag'  itemprop=\"headline\"  >Produkte und L\u00f6sungen<\/h3><div class=\"special-heading-border\"><div class=\"special-heading-inner-border\"><\/div><\/div><\/div><\/div>\n<style type=\"text\/css\" data-created_by=\"avia_inline_auto\" id=\"style-css-av-1csyeit-ed0f0ee872c4da2002cd09bd1e09311e\">\n.avia_transform .flex_column.av-1csyeit-ed0f0ee872c4da2002cd09bd1e09311e{\n-webkit-animation-duration:4s;\n-moz-animation-duration:4s;\nanimation-duration:4s;\n}\n<\/style>\n<div class='flex_column av-1csyeit-ed0f0ee872c4da2002cd09bd1e09311e av_one_full  avia-builder-el-15  el_after_av_one_full  avia-builder-el-last  first flex_column_div av-animated-generic fade-in-up column-top-margin'     ><div class=\"luk-box\" id=\"av-lkkw6p7f\">\n                        <div class=\"swiper\">\n                            <div class=\"swiper-wrapper\">\n                                \n<div class=\"swiper-slide\" id=\"av-lkkw1a1o-4\">\n                        <a href=\"https:\/\/showcase.mesutronic.de\/de\/produkte\/fleischwaren\/\" class=\"box\">\n                            <div class=\"box-image\">\n                                <img src='https:\/\/showcase.mesutronic.de\/wp-content\/uploads\/2023\/07\/fleischwaren-2.jpg' alt='' title='fleischwaren-2'  height=\"500\" width=\"701\"  itemprop=\"image\" itemscope=\"itemscope\" itemtype=\"https:\/\/schema.org\/ImageObject\"  \/>\n                            <\/div>\n                            <div class=\"box-content\">\n                                <div class=\"box-title\">\n                                    <h3>Fleischwaren<\/h3>\n                                <\/div>\n                               \n                            <\/div>\n                        <\/a>\n                    <\/div>\n<div class=\"swiper-slide\" id=\"av-lsu8nw3r\">\n                        <a href=\"https:\/\/showcase.mesutronic.de\/de\/produkte\/backwaren\/\" class=\"box\">\n                            <div class=\"box-image\">\n                                <img src='https:\/\/showcase.mesutronic.de\/wp-content\/uploads\/2023\/07\/backwaren-2.jpg' alt='' title='backwaren-2'  height=\"500\" width=\"701\"  itemprop=\"image\" itemscope=\"itemscope\" itemtype=\"https:\/\/schema.org\/ImageObject\"  \/>\n                            <\/div>\n                            <div class=\"box-content\">\n                                <div class=\"box-title\">\n                                    <h3>Backwaren<\/h3>\n                                <\/div>\n                               \n                            <\/div>\n                        <\/a>\n                    <\/div>\n<div class=\"swiper-slide\" id=\"av-lsu8p7ou\">\n                        <a href=\"https:\/\/showcase.mesutronic.de\/de\/produkte\/susse-und-salzige-snacks\/\" class=\"box\">\n                            <div class=\"box-image\">\n                                <img src='https:\/\/showcase.mesutronic.de\/wp-content\/uploads\/2023\/07\/susse-and-salzige-snacks-2.jpg' alt='' title='susse-and-salzige-snacks-2'  height=\"500\" width=\"701\"  itemprop=\"image\" itemscope=\"itemscope\" itemtype=\"https:\/\/schema.org\/ImageObject\"  \/>\n                            <\/div>\n                            <div class=\"box-content\">\n                                <div class=\"box-title\">\n                                    <h3>S\u00fc\u00dfe &amp; Salzige Snacks<\/h3>\n                                <\/div>\n                               \n                            <\/div>\n                        <\/a>\n                    <\/div>\n<div class=\"swiper-slide\" id=\"av-lsu8qrhc\">\n                        <a href=\"https:\/\/showcase.mesutronic.de\/de\/produkte\/convenience-food\/\" class=\"box\">\n                            <div class=\"box-image\">\n                                <img src='https:\/\/showcase.mesutronic.de\/wp-content\/uploads\/2023\/07\/convenience-food-2.jpg' alt='' title='convenience-food-2'  height=\"500\" width=\"701\"  itemprop=\"image\" itemscope=\"itemscope\" itemtype=\"https:\/\/schema.org\/ImageObject\"  \/>\n                            <\/div>\n                            <div class=\"box-content\">\n                                <div class=\"box-title\">\n                                    <h3>Convenience Food<\/h3>\n                                <\/div>\n                               \n                            <\/div>\n                        <\/a>\n                    <\/div>\n<div class=\"swiper-slide\" id=\"av-lsu8s3x1\">\n                        <a href=\"https:\/\/showcase.mesutronic.de\/de\/produkte\/milchprodukte\/\" class=\"box\">\n                            <div class=\"box-image\">\n                                <img src='https:\/\/showcase.mesutronic.de\/wp-content\/uploads\/2023\/07\/milchprodukte-2.jpg' alt='' title='milchprodukte-2'  height=\"500\" width=\"701\"  itemprop=\"image\" itemscope=\"itemscope\" itemtype=\"https:\/\/schema.org\/ImageObject\"  \/>\n                            <\/div>\n                            <div class=\"box-content\">\n                                <div class=\"box-title\">\n                                    <h3>Milchprodukte<\/h3>\n                                <\/div>\n                               \n                            <\/div>\n                        <\/a>\n                    <\/div>\n<div class=\"swiper-slide\" id=\"av-lsu8tmva\">\n                        <a href=\"https:\/\/showcase.mesutronic.de\/de\/produkte\/granulare-lebensmittel\/\" class=\"box\">\n                            <div class=\"box-image\">\n                                <img src='https:\/\/showcase.mesutronic.de\/wp-content\/uploads\/2023\/07\/granulare-lebensmittel-2.jpg' alt='' title='granulare-lebensmittel-2'  height=\"500\" width=\"701\"  itemprop=\"image\" itemscope=\"itemscope\" itemtype=\"https:\/\/schema.org\/ImageObject\"  \/>\n                            <\/div>\n                            <div class=\"box-content\">\n                                <div class=\"box-title\">\n                                    <h3>Granulare Lebensmittel<\/h3>\n                                <\/div>\n                               \n                            <\/div>\n                        <\/a>\n                    <\/div>\n<div class=\"swiper-slide\" id=\"av-lsu8tmva-1\">\n                        <a href=\"https:\/\/showcase.mesutronic.de\/de\/produkte\/pharmazie\/\" class=\"box\">\n                            <div class=\"box-image\">\n                                <img src='https:\/\/showcase.mesutronic.de\/wp-content\/uploads\/2023\/07\/pharmazie-2.jpg' alt='' title='pharmazie-2'  height=\"500\" width=\"701\"  itemprop=\"image\" itemscope=\"itemscope\" itemtype=\"https:\/\/schema.org\/ImageObject\"  \/>\n                            <\/div>\n                            <div class=\"box-content\">\n                                <div class=\"box-title\">\n                                    <h3>Pharmazie<\/h3>\n                                <\/div>\n                               \n                            <\/div>\n                        <\/a>\n                    <\/div>\n<div class=\"swiper-slide\" id=\"av-lsu8tmva-1-1\">\n                        <a href=\"https:\/\/showcase.mesutronic.de\/de\/produkte\/hygieneartikel\/\" class=\"box\">\n                            <div class=\"box-image\">\n                                <img src='https:\/\/showcase.mesutronic.de\/wp-content\/uploads\/2023\/07\/hygieneartikel-2.jpg' alt='' title='hygieneartikel-2'  height=\"500\" width=\"701\"  itemprop=\"image\" itemscope=\"itemscope\" itemtype=\"https:\/\/schema.org\/ImageObject\"  \/>\n                            <\/div>\n                            <div class=\"box-content\">\n                                <div class=\"box-title\">\n                                    <h3>Hygieneartikel<\/h3>\n                                <\/div>\n                               \n                            <\/div>\n                        <\/a>\n                    <\/div>\n<div class=\"swiper-slide\" id=\"av-lsu8tmva-1-1-4\">\n                        <a href=\"https:\/\/showcase.mesutronic.de\/de\/produkte\/kunststoff\/\" class=\"box\">\n                            <div class=\"box-image\">\n                                <img src='https:\/\/showcase.mesutronic.de\/wp-content\/uploads\/2023\/07\/kunststoff-2.jpg' alt='' title='kunststoff-2'  height=\"500\" width=\"701\"  itemprop=\"image\" itemscope=\"itemscope\" itemtype=\"https:\/\/schema.org\/ImageObject\"  \/>\n                            <\/div>\n                            <div class=\"box-content\">\n                                <div class=\"box-title\">\n                                    <h3>Kunststoff<\/h3>\n                                <\/div>\n                               \n                            <\/div>\n                        <\/a>\n                    <\/div>\n<div class=\"swiper-slide\" id=\"av-lsu8tmva-1-1-3\">\n                        <a href=\"https:\/\/showcase.mesutronic.de\/de\/produkte\/textil\/\" class=\"box\">\n                            <div class=\"box-image\">\n                                <img src='https:\/\/showcase.mesutronic.de\/wp-content\/uploads\/2023\/07\/textil-2.jpg' alt='' title='textil-2'  height=\"500\" width=\"701\"  itemprop=\"image\" itemscope=\"itemscope\" itemtype=\"https:\/\/schema.org\/ImageObject\"  \/>\n                            <\/div>\n                            <div class=\"box-content\">\n                                <div class=\"box-title\">\n                                    <h3>Textil<\/h3>\n                                <\/div>\n                               \n                            <\/div>\n                        <\/a>\n                    <\/div>\n<div class=\"swiper-slide\" id=\"av-lsu8tmva-1-1-2\">\n                        <a href=\"https:\/\/showcase.mesutronic.de\/de\/produkte\/holz\/\" class=\"box\">\n                            <div class=\"box-image\">\n                                <img src='https:\/\/showcase.mesutronic.de\/wp-content\/uploads\/2023\/07\/holz-2.jpg' alt='' title='holz-2'  height=\"500\" width=\"701\"  itemprop=\"image\" itemscope=\"itemscope\" itemtype=\"https:\/\/schema.org\/ImageObject\"  \/>\n                            <\/div>\n                            <div class=\"box-content\">\n                                <div class=\"box-title\">\n                                    <h3>Holz<\/h3>\n                                <\/div>\n                               \n                            <\/div>\n                        <\/a>\n                    <\/div>\n<div class=\"swiper-slide\" id=\"av-lsu8tmva-1-1-1\">\n                        <a href=\"https:\/\/showcase.mesutronic.de\/de\/produkte\/bergbau\/\" class=\"box\">\n                            <div class=\"box-image\">\n                                <img src='https:\/\/showcase.mesutronic.de\/wp-content\/uploads\/2023\/07\/bergbau-2.jpg' alt='' title='bergbau-2'  height=\"500\" width=\"701\"  itemprop=\"image\" itemscope=\"itemscope\" itemtype=\"https:\/\/schema.org\/ImageObject\"  \/>\n                            <\/div>\n                            <div class=\"box-content\">\n                                <div class=\"box-title\">\n                                    <h3>Bergbau<\/h3>\n                                <\/div>\n                               \n                            <\/div>\n                        <\/a>\n                    <\/div>\n\n                            <\/div>\n                        <\/div>\n                        <div class=\"swiper-button swiper-button-prev\"><\/div>\n                        <div class=\"swiper-button swiper-button-next\"><\/div>\n                    <\/div><\/div>\n\n<\/div><\/div><\/div><!-- close content main div --><\/div><\/div><div id='av_section_3'  class='avia-section av-40bczd1-533cedfb30e0a198382401fbce6b8c56 main_color avia-section-default avia-no-border-styling  avia-builder-el-17  el_after_av_section  avia-builder-el-last  avia-bg-style-scroll container_wrap fullsize'  ><div class='container av-section-cont-open' ><div class='template-page content  av-content-full alpha units'><div class='post-entry post-entry-type-page post-entry-25886'><div class='entry-content-wrapper clearfix'>\n<div class='flex_column av-3o2jn2d-ee956084eb315b8aaafb64ce106fd226 av_one_full  avia-builder-el-18  el_before_av_one_half  avia-builder-el-first  first flex_column_div '     ><style type=\"text\/css\" data-created_by=\"avia_inline_auto\" id=\"style-css-av-lj40xew3-e6cdae969c58c9d01fea6a367533022b\">\n#top .av-special-heading.av-lj40xew3-e6cdae969c58c9d01fea6a367533022b{\npadding-bottom:10px;\n}\nbody .av-special-heading.av-lj40xew3-e6cdae969c58c9d01fea6a367533022b .av-special-heading-tag .heading-char{\nfont-size:25px;\n}\n.av-special-heading.av-lj40xew3-e6cdae969c58c9d01fea6a367533022b .av-subheading{\nfont-size:15px;\n}\n<\/style>\n<div  class='av-special-heading av-lj40xew3-e6cdae969c58c9d01fea6a367533022b av-special-heading-h2 blockquote modern-quote  avia-builder-el-19  avia-builder-el-no-sibling '><div class='av-subheading av-subheading_above'><p>Mesutronic<\/p>\n<\/div><h2 class='av-special-heading-tag'  itemprop=\"headline\"  >METALLDETEKTOREN UND R\u00d6NTGENINSPEKTION<\/h2><div class=\"special-heading-border\"><div class=\"special-heading-inner-border\"><\/div><\/div><\/div><\/div>\n<style type=\"text\/css\" data-created_by=\"avia_inline_auto\" id=\"style-css-av-2wj6rol-8020774c68b20b57504c441cf50446e7\">\n.avia_transform .flex_column.av-2wj6rol-8020774c68b20b57504c441cf50446e7{\n-webkit-animation-duration:4s;\n-moz-animation-duration:4s;\nanimation-duration:4s;\n}\n<\/style>\n<div class='flex_column av-2wj6rol-8020774c68b20b57504c441cf50446e7 av_one_half  avia-builder-el-20  el_after_av_one_full  el_before_av_one_half  first flex_column_div av-animated-generic fade-in-up column-top-margin'     ><p><section  class='av_textblock_section av-2jtekn9-a80a690c066260d01c4d1e55dc33dd16'  itemscope=\"itemscope\" itemtype=\"https:\/\/schema.org\/CreativeWork\" ><div class='avia_textblock'  itemprop=\"text\" ><p><strong>METALLDETEKTOREN &#8211; ZUVERL\u00c4SSIGE ERKENNUNG ALLER METALLE<\/strong><\/p>\n<p>Ob zur Erkennung von N\u00e4geln in Holzst\u00e4mmen, der Detektion von Nadeln in Vliesstoff oder von Edelstahlsp\u00e4nen in K\u00e4se; Metalldetektoren erf\u00fcllen in einer unendlichen Zahl von Anwendungen zuverl\u00e4ssig Ihren Dienst. Sie erkennen alle Arten von Metallen, von Eisen \u00fcber Aluminium und Kupfer bis hin zu Edelst\u00e4hlen jeder G\u00fcte. Spezielle Varianten werden Outdoor oder auch in explosionsgef\u00e4hrdeten Bereichen eingesetzt. Externe Zertifizierungen nach ATEX oder NRTL Norm sind ebenso m\u00f6glich wie Werkszeugnisse oder Materialzertifikate.<\/p>\n<\/div><\/section><br \/>\n<section  class='av_textblock_section av-20o9bxh-96ceab05ef973e31752c9aa86ccc0bc6'  itemscope=\"itemscope\" itemtype=\"https:\/\/schema.org\/CreativeWork\" ><div class='avia_textblock'  itemprop=\"text\" ><p><strong>METALLSEPARATOREN &#8211; SCHNELLE ABSCHEIDUNG VON KONTAMINATIONEN<\/strong><\/p>\n<p>Wird ein Metalldetektor mit einer Ausscheideweiche kombiniert, spricht man von einem Metallseparator. Dieser muss neben den Anforderungen an jeden Metalldetektor sicher und reaktionsschnell kontaminierte Produktbestandteile vom Gutstrom abtrennen. Diese Systeme werden beispielsweise zur Untersuchung von Wurstbr\u00e4t in der Pumpf\u00f6rderleitung, Textilfasern in der Flugf\u00f6rderung oder Zucker im freien Fall eingesetzt. Die Weichen m\u00fcssen schnell, wartungsarm und \u00fcber Jahre hinweg zuverl\u00e4ssig arbeiten.<\/p>\n<\/div><\/section><\/p><\/div>\n<style type=\"text\/css\" data-created_by=\"avia_inline_auto\" id=\"style-css-av-1q2g1ol-d0c11b0e4114908ef2e0915f1ac2ad20\">\n.avia_transform .flex_column.av-1q2g1ol-d0c11b0e4114908ef2e0915f1ac2ad20{\n-webkit-animation-duration:4s;\n-moz-animation-duration:4s;\nanimation-duration:4s;\n}\n<\/style>\n<div class='flex_column av-1q2g1ol-d0c11b0e4114908ef2e0915f1ac2ad20 av_one_half  avia-builder-el-23  el_after_av_one_half  avia-builder-el-last  flex_column_div av-animated-generic fade-in-up column-top-margin'     ><p><section  class='av_textblock_section av-4gxp5x-ca06b88fb2638feebdc88ec31f61bfba'  itemscope=\"itemscope\" itemtype=\"https:\/\/schema.org\/CreativeWork\" ><div class='avia_textblock'  itemprop=\"text\" ><p><strong>F\u00d6RDERBANDSYSTEME &#8211; SICHERER BETRIEB F\u00dcR METALLDETEKTOREN<\/strong><\/p>\n<p>F\u00f6rderbandsysteme stellen die wichtigste Erg\u00e4nzung von Metalldetektoren bei der Kontrolle von St\u00fcckg\u00fctern dar. In spezieller Ausf\u00fchrung auch f\u00fcr Sch\u00fcttg\u00fcter. Der gesamte Aufbau ist darauf abgestimmt, dem Metalldetektor einen langfristigen Betrieb ohne Fehlalarme zu erm\u00f6glichen. Jedes unserer Bandsysteme wird individuell auf die Anforderungen unserer Kunden abgestimmt. Bei Bedarf erg\u00e4nzen Ausscheidevorrichtungen wie Pusher, Blasd\u00fcsen oder Klappen das Produkt. Auch f\u00fcr Anwendungen im Bereich von Rundholztransport oder M\u00fchlenbeschickung bieten wir zuverl\u00e4ssige und robuste L\u00f6sungen.<\/p>\n<\/div><\/section><br \/>\n<section  class='av_textblock_section av-lsu8xiwt-122611332b29331bc4a19feba207bb2c'  itemscope=\"itemscope\" itemtype=\"https:\/\/schema.org\/CreativeWork\" ><div class='avia_textblock'  itemprop=\"text\" ><p><strong>R\u00d6NTGENINSPEKTION \u2013 MEHR DETEKTIEREN ALS NUR FREMDK\u00d6RPER<\/strong><\/p>\n<p>Fremdk\u00f6rpererkennung mittels R\u00f6ntgenstrahlung ist ein stark wachsender Bereich der Qualit\u00e4tssicherung im Nahrungsmittelbereich. Neben der Erkennung von Metallen k\u00f6nnen aber auch Glas, Steine oder, je nach Produkt, auch Holz oder Kunststoffe erkannt werden. R\u00f6ntgenscanner k\u00f6nnen aber auch einen wichtigen Beitrag zur Verbesserung der Produktqualit\u00e4t leisten. So k\u00f6nnen Produktbestandteile gez\u00e4hlt werden, einzelne Produkte in einer Sammelpackung verwogen oder Br\u00fcche und Deformationen erkannt werden.<\/p>\n<\/div><\/section><\/p><\/div>\n\n","protected":false},"excerpt":{"rendered":"","protected":false},"author":18,"featured_media":0,"parent":0,"menu_order":3,"comment_status":"closed","ping_status":"closed","template":"","meta":{"footnotes":""},"class_list":["post-25886","page","type-page","status-publish","hentry"],"_links":{"self":[{"href":"https:\/\/showcase.mesutronic.de\/de\/wp-json\/wp\/v2\/pages\/25886","targetHints":{"allow":["GET"]}}],"collection":[{"href":"https:\/\/showcase.mesutronic.de\/de\/wp-json\/wp\/v2\/pages"}],"about":[{"href":"https:\/\/showcase.mesutronic.de\/de\/wp-json\/wp\/v2\/types\/page"}],"author":[{"embeddable":true,"href":"https:\/\/showcase.mesutronic.de\/de\/wp-json\/wp\/v2\/users\/18"}],"replies":[{"embeddable":true,"href":"https:\/\/showcase.mesutronic.de\/de\/wp-json\/wp\/v2\/comments?post=25886"}],"version-history":[{"count":2,"href":"https:\/\/showcase.mesutronic.de\/de\/wp-json\/wp\/v2\/pages\/25886\/revisions"}],"predecessor-version":[{"id":27861,"href":"https:\/\/showcase.mesutronic.de\/de\/wp-json\/wp\/v2\/pages\/25886\/revisions\/27861"}],"wp:attachment":[{"href":"https:\/\/showcase.mesutronic.de\/de\/wp-json\/wp\/v2\/media?parent=25886"}],"curies":[{"name":"wp","href":"https:\/\/api.w.org\/{rel}","templated":true}]}}