{"id":11503,"date":"2023-07-12T11:32:01","date_gmt":"2023-07-12T09:32:01","guid":{"rendered":"https:\/\/mesutronic-old.lautundklar.dev\/?page_id=11503"},"modified":"2023-09-15T09:49:03","modified_gmt":"2023-09-15T07:49:03","slug":"pharmazie","status":"publish","type":"page","link":"https:\/\/showcase.mesutronic.de\/de\/produkte\/pharmazie\/","title":{"rendered":"Pharmazie"},"content":{"rendered":"\n<style type=\"text\/css\" data-created_by=\"avia_inline_auto\" id=\"style-css-av-ljzmjhw5-a37a14bfd02c44cd5bdb7529cba8df02\">\n.avia-section.av-ljzmjhw5-a37a14bfd02c44cd5bdb7529cba8df02{\nbackground-repeat:no-repeat;\nbackground-image:url(https:\/\/showcase.mesutronic.de\/wp-content\/uploads\/2023\/07\/pharmazie-1-1.jpg);\nbackground-position:0% 0%;\nbackground-attachment:scroll;\n}\n<\/style>\n<div id='av_section_1'  class='avia-section av-ljzmjhw5-a37a14bfd02c44cd5bdb7529cba8df02 main_color avia-section-huge avia-no-border-styling  avia-builder-el-0  el_before_av_section  avia-builder-el-first  with-mask overlay avia-bg-style-scroll container_wrap fullsize'  data-section-bg-repeat='no-repeat'><div class='container av-section-cont-open' ><main  role=\"main\" itemprop=\"mainContentOfPage\"  class='template-page content  av-content-full alpha units'><div class='post-entry post-entry-type-page post-entry-11503'><div class='entry-content-wrapper clearfix'>\n\n<style type=\"text\/css\" data-created_by=\"avia_inline_auto\" id=\"style-css-av-wjgqr3-cda23ba0b0d67cdc88c3e6d4fa35d704\">\n#top .flex_column.av-wjgqr3-cda23ba0b0d67cdc88c3e6d4fa35d704{\nmargin-top:100px;\nmargin-bottom:100px;\n}\n.avia_transform .flex_column.av-wjgqr3-cda23ba0b0d67cdc88c3e6d4fa35d704{\n-webkit-animation-duration:1.5s;\n-moz-animation-duration:1.5s;\nanimation-duration:1.5s;\n}\n.responsive #top #wrap_all .flex_column.av-wjgqr3-cda23ba0b0d67cdc88c3e6d4fa35d704{\nmargin-top:100px;\nmargin-bottom:100px;\n}\n<\/style>\n<div class='flex_column av-wjgqr3-cda23ba0b0d67cdc88c3e6d4fa35d704 av_two_third  avia-builder-el-1  avia-builder-el-no-sibling  first flex_column_div av-animated-generic fade-in-left '     ><style type=\"text\/css\" data-created_by=\"avia_inline_auto\" id=\"style-css-av-ljzmj994-edd8f3dde8d152999fa4e86d50d29dc8\">\n#top .av_textblock_section.av-ljzmj994-edd8f3dde8d152999fa4e86d50d29dc8 .avia_textblock{\ncolor:#ffffff;\n}\n<\/style>\n<section  class='av_textblock_section av-ljzmj994-edd8f3dde8d152999fa4e86d50d29dc8'  itemscope=\"itemscope\" itemtype=\"https:\/\/schema.org\/CreativeWork\" ><div class='avia_textblock av_inherit_color'  itemprop=\"text\" ><h2>Pharmazie<\/h2>\n<p>PRODUKTE &amp; L\u00d6SUNGEN<\/p>\n<\/div><\/section><\/div>\n\n<\/div><\/div><\/main><!-- close content main element --><\/div><\/div><div id='av_section_2'  class='avia-section av-2l0g7qk-3b793cf759b8e520b6d920388cc81740 main_color avia-section-default avia-no-border-styling  avia-builder-el-3  el_after_av_section  el_before_av_tab_section  avia-bg-style-scroll container_wrap fullsize'  ><div class='container av-section-cont-open' ><div class='template-page content  av-content-full alpha units'><div class='post-entry post-entry-type-page post-entry-11503'><div class='entry-content-wrapper clearfix'>\n<div class='flex_column av-1xcy2cs-4e06d82b3989cfb0ba9970881ddf08dd av_one_full  avia-builder-el-4  el_before_av_one_half  avia-builder-el-first  first flex_column_div '     ><style type=\"text\/css\" data-created_by=\"avia_inline_auto\" id=\"style-css-av-lj2y0y4a-9b49b7b078158f0f440d1c3c589a4685\">\n#top .av-special-heading.av-lj2y0y4a-9b49b7b078158f0f440d1c3c589a4685{\npadding-bottom:10px;\n}\nbody .av-special-heading.av-lj2y0y4a-9b49b7b078158f0f440d1c3c589a4685 .av-special-heading-tag .heading-char{\nfont-size:25px;\n}\n.av-special-heading.av-lj2y0y4a-9b49b7b078158f0f440d1c3c589a4685 .av-subheading{\nfont-size:15px;\n}\n<\/style>\n<div  class='av-special-heading av-lj2y0y4a-9b49b7b078158f0f440d1c3c589a4685 av-special-heading-h2 blockquote modern-quote  avia-builder-el-5  avia-builder-el-no-sibling '><div class='av-subheading av-subheading_above'><p>Mesutronic<\/p>\n<\/div><h2 class='av-special-heading-tag'  itemprop=\"headline\"  >Ger\u00e4te <span class='special_amp'>&amp;<\/span> Systeme<\/h2><div class=\"special-heading-border\"><div class=\"special-heading-inner-border\"><\/div><\/div><\/div><\/div>\n<style type=\"text\/css\" data-created_by=\"avia_inline_auto\" id=\"style-css-av-6itle4-6abcf3f792fbb62c330855ceee94999e\">\n.avia_transform .flex_column.av-6itle4-6abcf3f792fbb62c330855ceee94999e{\n-webkit-animation-duration:1.5s;\n-moz-animation-duration:1.5s;\nanimation-duration:1.5s;\n}\n<\/style>\n<div class='flex_column av-6itle4-6abcf3f792fbb62c330855ceee94999e av_one_half  avia-builder-el-6  el_after_av_one_full  el_before_av_one_half  first flex_column_div av-animated-generic fade-in-left column-top-margin'     ><section  class='av_textblock_section av-lj2y13a8-27f3906813888e109a8179114fb12fbd'  itemscope=\"itemscope\" itemtype=\"https:\/\/schema.org\/CreativeWork\" ><div class='avia_textblock'  itemprop=\"text\" ><p class=\"p1\">Der Schwerpunkt von Inspektionssystemen bei der Untersuchung von pharmazeutischen Produkten liegt in der Warenausgangskontrolle. Fremdk\u00f6rper wie Edelstahldraht in einer Kapsel m\u00fcssen zuverl\u00e4ssig entfernt werden.<\/p>\n<\/div><\/section><\/div>\n<style type=\"text\/css\" data-created_by=\"avia_inline_auto\" id=\"style-css-av-19wcjl8-44f5fc7bb0e0a1e87ddef2b32adde095\">\n.avia_transform .flex_column.av-19wcjl8-44f5fc7bb0e0a1e87ddef2b32adde095{\n-webkit-animation-duration:1.5s;\n-moz-animation-duration:1.5s;\nanimation-duration:1.5s;\n}\n<\/style>\n<div class='flex_column av-19wcjl8-44f5fc7bb0e0a1e87ddef2b32adde095 av_one_half  avia-builder-el-8  el_after_av_one_half  avia-builder-el-last  flex_column_div av-animated-generic fade-in-right column-top-margin'     ><section  class='av_textblock_section av-thftos-aec0041169288b8c1221ac605dee8d02'  itemscope=\"itemscope\" itemtype=\"https:\/\/schema.org\/CreativeWork\" ><div class='avia_textblock'  itemprop=\"text\" ><p class=\"p1\">Sie sind ein unabdingbares Mittel zur Erf\u00fcllung stringenter Qualit\u00e4tsrichtlinien. In Wareneingang und Produktion reduzieren sie Kosten und erh\u00f6hen die Prozesssicherheit; beispielsweise indem sie Rohware wie Pulver untersuchen.<\/p>\n<\/div><\/section><\/div>\n\n<\/div><\/div><\/div><!-- close content main div --><\/div><\/div><div id='av-tab-section-1'  class='av-tab-section-container entry-content-wrapper main_color av-tab-no-transition av-tab-content-auto  av-tab-above-content  avia-builder-el-10  el_after_av_section  avia-builder-el-last  tab-section-not-first container_wrap fullsize'  ><div class='av-tab-section-outer-container av-30fc80f-9e122df18689940feb22db78f25e2e1a'><div class='av-tab-section-tab-title-container avia-tab-title-padding-default' role='tablist'><a href='#av-tab-section-1-1-link' data-av-tab-section-title='1' class='av-section-tab-title av-active-tab-title no-scroll av-2kzsnfz-21fecd445a492b647fbd11f8ba71a3a0 av-tab-no-icon av-tab-no-image ' role='tab' tabindex='0' aria-controls='av-tab-section-1-1'><span class='av-outer-tab-title'><span class='av-inner-tab-title'> <\/span><\/span><span class=\"av-tab-arrow-container\"><span><\/span><\/span><\/a><\/div><div class='avia-slideshow-arrows av-tabsection-arrow' ><a href='#prev' class='prev-slide av_prev_tab_section av-tab-section-slide' aria-hidden='true' data-av_icon='\ue87c' data-av_iconfont='entypo-fontello'  tabindex='-1'>Zur\u00fcck<\/a><a href='#next' class='next-slide av_next_tab_section av-tab-section-slide' aria-hidden='true' data-av_icon='\ue87d' data-av_iconfont='entypo-fontello'  tabindex='-1'>Weiter<\/a><\/div><div class='av-tab-section-inner-container avia-section-default' style='width:100vw; left:0%;'><span class=\"av_prev_tab_section av_tab_navigation\"><\/span><span class=\"av_next_tab_section av_tab_navigation\"><\/span>\n\n<style type=\"text\/css\" data-created_by=\"avia_inline_auto\" id=\"style-css-av-2kzsnfz-21fecd445a492b647fbd11f8ba71a3a0\">\n.av-layout-tab.av-2kzsnfz-21fecd445a492b647fbd11f8ba71a3a0{\nvertical-align:top;\n}\n<\/style>\n<div id='av-tab-section-1-1' class='av-layout-tab av-2kzsnfz-21fecd445a492b647fbd11f8ba71a3a0 av-animation-delay-container  avia-builder-el-11  avia-builder-el-no-sibling  av-active-tab-content __av_init_open ' data-av-deeplink-tabs=\"\" data-av-tab-section-content=\"1\" data-tab-section-id=\"av-tab-section-1-1\"><div class=\"av-layout-tab-inner\"><div class=\"container\"><p><div class='flex_column av-27apg8f-f192c932b316399f63526b3210aa2e30 av_one_half  avia-builder-el-12  el_before_av_one_half  avia-builder-el-first  first flex_column_div '     ><p>\n<style type=\"text\/css\" data-created_by=\"avia_inline_auto\" id=\"style-css-av-lmhq4mkq-75e28a821ae55b8ac2765a1de0da4eed\">\n#top .av-special-heading.av-lmhq4mkq-75e28a821ae55b8ac2765a1de0da4eed{\npadding-bottom:10px;\nfont-size:30px;\n}\nbody .av-special-heading.av-lmhq4mkq-75e28a821ae55b8ac2765a1de0da4eed .av-special-heading-tag .heading-char{\nfont-size:25px;\n}\n#top #wrap_all .av-special-heading.av-lmhq4mkq-75e28a821ae55b8ac2765a1de0da4eed .av-special-heading-tag{\nfont-size:30px;\n}\n.av-special-heading.av-lmhq4mkq-75e28a821ae55b8ac2765a1de0da4eed .av-subheading{\nfont-size:15px;\n}\n\n@media only screen and (min-width: 480px) and (max-width: 767px){ \n#top #wrap_all .av-special-heading.av-lmhq4mkq-75e28a821ae55b8ac2765a1de0da4eed .av-special-heading-tag{\nfont-size:0.8em;\n}\n}\n\n@media only screen and (max-width: 479px){ \n#top #wrap_all .av-special-heading.av-lmhq4mkq-75e28a821ae55b8ac2765a1de0da4eed .av-special-heading-tag{\nfont-size:0.8em;\n}\n}\n<\/style>\n<div  class='av-special-heading av-lmhq4mkq-75e28a821ae55b8ac2765a1de0da4eed av-special-heading-h2 blockquote modern-quote  avia-builder-el-13  el_before_av_image  avia-builder-el-first  av-inherit-size'><div class='av-subheading av-subheading_above'><p>Metallseparator<\/p>\n<\/div><h2 class='av-special-heading-tag'  itemprop=\"headline\"  >PHARMATRON 07 HQ<\/h2><div class=\"special-heading-border\"><div class=\"special-heading-inner-border\"><\/div><\/div><\/div><br \/>\n\n<style type=\"text\/css\" data-created_by=\"avia_inline_auto\" id=\"style-css-av-1o8lipb-056007fc7d7afd9ec20136bdc9064879\">\n.avia-image-container.av-1o8lipb-056007fc7d7afd9ec20136bdc9064879 img.avia_image{\nbox-shadow:none;\n}\n.avia-image-container.av-1o8lipb-056007fc7d7afd9ec20136bdc9064879 .av-image-caption-overlay-center{\ncolor:#ffffff;\n}\n<\/style>\n<div  class='avia-image-container av-1o8lipb-056007fc7d7afd9ec20136bdc9064879 av-styling- avia-align-center  avia-builder-el-14  el_after_av_heading  avia-builder-el-last '   itemprop=\"image\" itemscope=\"itemscope\" itemtype=\"https:\/\/schema.org\/ImageObject\" ><div class=\"avia-image-container-inner\"><div class=\"avia-image-overlay-wrap\"><a href=\"https:\/\/showcase.mesutronic.de\/de\/portfolio-item\/pharmazie-pharmatron-07-hq\/\" class='avia_image' ><img decoding=\"async\" class='wp-image-13038 avia-img-lazy-loading-not-13038 avia_image ' src=\"https:\/\/showcase.mesutronic.de\/wp-content\/uploads\/2023\/07\/pharmatron-07-hq-h-3.jpg\" alt='' title='pharmatron-07-hq-h-3'  height=\"750\" width=\"1333\"  itemprop=\"thumbnailUrl\" srcset=\"https:\/\/showcase.mesutronic.de\/wp-content\/uploads\/2023\/07\/pharmatron-07-hq-h-3.jpg 1333w, https:\/\/showcase.mesutronic.de\/wp-content\/uploads\/2023\/07\/pharmatron-07-hq-h-3-300x169.jpg 300w, https:\/\/showcase.mesutronic.de\/wp-content\/uploads\/2023\/07\/pharmatron-07-hq-h-3-1030x580.jpg 1030w, https:\/\/showcase.mesutronic.de\/wp-content\/uploads\/2023\/07\/pharmatron-07-hq-h-3-768x432.jpg 768w, https:\/\/showcase.mesutronic.de\/wp-content\/uploads\/2023\/07\/pharmatron-07-hq-h-3-705x397.jpg 705w\" sizes=\"(max-width: 1333px) 100vw, 1333px\" \/><\/a><\/div><\/div><\/div><\/p><\/div><div class='flex_column av-154rfin-480496ec525d9567f91790bd805a01e8 av_one_half  avia-builder-el-15  el_after_av_one_half  avia-builder-el-last  flex_column_div '     ><p>\n<style type=\"text\/css\" data-created_by=\"avia_inline_auto\" id=\"style-css-av-lmhq4zs9-505ff904dd96604b79d3737c4e6324cc\">\n#top .av-special-heading.av-lmhq4zs9-505ff904dd96604b79d3737c4e6324cc{\npadding-bottom:10px;\nfont-size:30px;\n}\nbody .av-special-heading.av-lmhq4zs9-505ff904dd96604b79d3737c4e6324cc .av-special-heading-tag .heading-char{\nfont-size:25px;\n}\n#top #wrap_all .av-special-heading.av-lmhq4zs9-505ff904dd96604b79d3737c4e6324cc .av-special-heading-tag{\nfont-size:30px;\n}\n.av-special-heading.av-lmhq4zs9-505ff904dd96604b79d3737c4e6324cc .av-subheading{\nfont-size:15px;\n}\n\n@media only screen and (min-width: 480px) and (max-width: 767px){ \n#top #wrap_all .av-special-heading.av-lmhq4zs9-505ff904dd96604b79d3737c4e6324cc .av-special-heading-tag{\nfont-size:0.8em;\n}\n}\n\n@media only screen and (max-width: 479px){ \n#top #wrap_all .av-special-heading.av-lmhq4zs9-505ff904dd96604b79d3737c4e6324cc .av-special-heading-tag{\nfont-size:0.8em;\n}\n}\n<\/style>\n<div  class='av-special-heading av-lmhq4zs9-505ff904dd96604b79d3737c4e6324cc av-special-heading-h2 blockquote modern-quote  avia-builder-el-16  el_before_av_image  avia-builder-el-first  av-inherit-size'><div class='av-subheading av-subheading_above'><p>Metallseparator<\/p>\n<\/div><h2 class='av-special-heading-tag'  itemprop=\"headline\"  >QUICKTRON 07 RH<\/h2><div class=\"special-heading-border\"><div class=\"special-heading-inner-border\"><\/div><\/div><\/div><br \/>\n\n<style type=\"text\/css\" data-created_by=\"avia_inline_auto\" id=\"style-css-av-jh25ov-aaf4fadadc485da95f66704115d07e84\">\n.avia-image-container.av-jh25ov-aaf4fadadc485da95f66704115d07e84 img.avia_image{\nbox-shadow:none;\n}\n.avia-image-container.av-jh25ov-aaf4fadadc485da95f66704115d07e84 .av-image-caption-overlay-center{\ncolor:#ffffff;\n}\n<\/style>\n<div  class='avia-image-container av-jh25ov-aaf4fadadc485da95f66704115d07e84 av-styling- avia-align-center  avia-builder-el-17  el_after_av_heading  avia-builder-el-last '   itemprop=\"image\" itemscope=\"itemscope\" itemtype=\"https:\/\/schema.org\/ImageObject\" ><div class=\"avia-image-container-inner\"><div class=\"avia-image-overlay-wrap\"><a href=\"https:\/\/showcase.mesutronic.de\/de\/portfolio-item\/pharmazie-quicktron-07-rh\/\" class='avia_image' ><img decoding=\"async\" class='wp-image-13769 avia-img-lazy-loading-not-13769 avia_image ' src=\"https:\/\/showcase.mesutronic.de\/wp-content\/uploads\/2023\/07\/quicktron-07-rh-0.png\" alt='' title='quicktron-07-rh-0'  height=\"750\" width=\"1333\"  itemprop=\"thumbnailUrl\" srcset=\"https:\/\/showcase.mesutronic.de\/wp-content\/uploads\/2023\/07\/quicktron-07-rh-0.png 1333w, https:\/\/showcase.mesutronic.de\/wp-content\/uploads\/2023\/07\/quicktron-07-rh-0-300x169.png 300w, https:\/\/showcase.mesutronic.de\/wp-content\/uploads\/2023\/07\/quicktron-07-rh-0-1030x580.png 1030w, https:\/\/showcase.mesutronic.de\/wp-content\/uploads\/2023\/07\/quicktron-07-rh-0-768x432.png 768w, https:\/\/showcase.mesutronic.de\/wp-content\/uploads\/2023\/07\/quicktron-07-rh-0-705x397.png 705w\" sizes=\"(max-width: 1333px) 100vw, 1333px\" \/><\/a><\/div><\/div><\/div><\/p><\/div><\/p>\n<\/div><\/div><\/div><\/div><\/div><\/div>\n","protected":false},"excerpt":{"rendered":"","protected":false},"author":18,"featured_media":11691,"parent":10850,"menu_order":2,"comment_status":"closed","ping_status":"closed","template":"","meta":{"footnotes":""},"class_list":["post-11503","page","type-page","status-publish","has-post-thumbnail","hentry"],"_links":{"self":[{"href":"https:\/\/showcase.mesutronic.de\/de\/wp-json\/wp\/v2\/pages\/11503","targetHints":{"allow":["GET"]}}],"collection":[{"href":"https:\/\/showcase.mesutronic.de\/de\/wp-json\/wp\/v2\/pages"}],"about":[{"href":"https:\/\/showcase.mesutronic.de\/de\/wp-json\/wp\/v2\/types\/page"}],"author":[{"embeddable":true,"href":"https:\/\/showcase.mesutronic.de\/de\/wp-json\/wp\/v2\/users\/18"}],"replies":[{"embeddable":true,"href":"https:\/\/showcase.mesutronic.de\/de\/wp-json\/wp\/v2\/comments?post=11503"}],"version-history":[{"count":0,"href":"https:\/\/showcase.mesutronic.de\/de\/wp-json\/wp\/v2\/pages\/11503\/revisions"}],"up":[{"embeddable":true,"href":"https:\/\/showcase.mesutronic.de\/de\/wp-json\/wp\/v2\/pages\/10850"}],"wp:featuredmedia":[{"embeddable":true,"href":"https:\/\/showcase.mesutronic.de\/de\/wp-json\/wp\/v2\/media\/11691"}],"wp:attachment":[{"href":"https:\/\/showcase.mesutronic.de\/de\/wp-json\/wp\/v2\/media?parent=11503"}],"curies":[{"name":"wp","href":"https:\/\/api.w.org\/{rel}","templated":true}]}}